{"id":151,"date":"2020-01-06T15:01:06","date_gmt":"2020-01-06T13:01:06","guid":{"rendered":"http:\/\/www.ferienwohnung-heidelberg-leimen.de\/?page_id=151"},"modified":"2020-01-06T15:01:07","modified_gmt":"2020-01-06T13:01:07","slug":"video-ferienwohnung","status":"publish","type":"page","link":"http:\/\/www.ferienwohnung-heidelberg-leimen.de\/?page_id=151","title":{"rendered":"Video Ferienwohnung"},"content":{"rendered":"<p><iframe loading=\"lazy\" title=\"Ferienwohnung Leimen bei Heidelberg\" width=\"625\" height=\"469\" src=\"https:\/\/www.youtube.com\/embed\/oZbB09BJx0k?feature=oembed\" frameborder=\"0\" allow=\"accelerometer; autoplay; encrypted-media; gyroscope; picture-in-picture\" allowfullscreen><\/iframe><\/p>\n<p><strong>Ferienwohnung 2(4) Zimmer, Kochnische, Bad, 50(78) m\u00b2, 2Km von Heidelberg entfehrnt.<\/strong><\/p>\n<p>Die Nichtraucher-Wohnung ist hell und hat einen Parkettboden. Sie befindet sich im Obergeschoss des Hauses Szenario und besteht aus einem Schlafzimmer mit zwei Einzelbetten sowie einem ger\u00e4umigen Wohnzimmer mit einer Schlafcouch (erweiterbar durch 2 weitere Schlafzimmer mit jeweils 2 Schlafpl\u00e4tzen). Die Zimmer sind mit Holzm\u00f6beln gem\u00fctlich und liebevoll eingerichtet. Die Betten sind aus hochwertigem Naturmaterial. Geschirr und s\u00e4mtliche W\u00e4sche sind vorhanden. Dar\u00fcber hinaus stehen Ihnen eine gut ausgestattete moderne Kochnische im Flur (Sp\u00fcle, Kochplatte, K\u00fchlschrank) und ein Badezimmer mit Badewanne zur Verf\u00fcgung. Im Wohnzimmer gibt es einen Fernseher sowie einen DSL-Anschluss (auch WLAN ist m\u00f6glich), deren Nutzung im Mietpreis inbegriffen ist. Im Haus wird nicht geraucht. Haustiere sind nicht vorgesehen.<\/p>\n<p>Nach Wunsch und Bedarf k\u00f6nnen Sie die Wohnung als Ferien- oder Kurzzeitwohnung f\u00fcr 2-4 Personen mieten (2 Zimmer, Kochnische, Bad) oder f\u00fcr 6-8 Personen (3-4 Zimmer, Kochnische, Bad). Eine Belegung aller 4 Zimmer ist nur in Verbindung mit Seminaren .<br \/>\nKontakt: Ellen Heese. Tel. Nummer: +49(0)6224-702 512.<\/p>\n<p><strong>Apartment near Heidelberg<\/strong><br \/>\n2(4)-rooms, kitchenette, bathroom, 50(78) m\u00b2, 2km away from Heidelberg.<br \/>\nThe non-smoking apartment is bright and has parquet flooring. It is situated in the top floor of the house Szenario and consists of 2 bedrooms with 2 single beds each as well as a spacious living room with a studio couch (extendable with 2 more rooms with 2 beds each). The rooms are comfortably fit out with wood furniture. The beds are made from high-quality natural material. All dishes and laundry are available. Moreover, a well-equipped modern kitchenette in the hall (sink, hot plates and refrigerator) and a bathroom with bath tub are at your disposal. The living room has a TV as well as DSL connection (W-LAN also possible) of which the use is included in the price. It\u2019s a non-smoking apartment. Pets not intended. As desired you can rent the apartment as holiday or short-time apartment for 2-4 persons (2 rooms, kitchenette, and bathroom) or for 6-8 persons (3-4 rooms, kitchenette and bathroom). An occupation of all 4 rooms is only intended in connection with seminars.<\/p>\n<p><strong>\u041a\u0432\u0430\u0440\u0442\u0438\u0440\u0430 \u043f\u043e\u0441\u0443\u0442\u043e\u0447\u043d\u043e (\u043e\u0442 \u0442\u0440\u0451\u0445 \u0434\u043d\u0435\u0439), \u043f\u043e\u043d\u0435\u0434\u0435\u043b\u044c\u043d\u043e, \u043f\u043e\u043c\u0435\u0441\u044f\u0447\u043d\u043e. \u041c\u0435\u0431\u0438\u043b\u0438\u0440\u043e\u0432\u0430\u043d\u043d\u044b\u0435 \u043a\u043e\u043c\u043d\u0430\u0442\u044b.<\/strong><\/p>\n<p>2(4) \u041a\u043e\u043c\u043d\u0430\u0442\u044b, \u041d\u0435\u0431\u043e\u043b\u044c\u0448\u0430\u044f \u043a\u0443\u0445\u043d\u044f, \u0412\u0430\u043d\u043d\u0430\u044f \u043a\u043e\u043c\u043d\u0430\u0442\u0430, 50(78) m\u00b2, \u0432 \u0434\u0432\u0443\u0445 \u043a\u0438\u043b\u043e\u043c\u0435\u0442\u0440\u0430\u0445 \u043e\u0442 \u0413\u0430\u0439\u0434\u0435\u043b\u044c\u0431\u0435\u0440\u0433\u0430. \u0412 \u043a\u0432\u0430\u0440\u0442\u0438\u0440\u0435 \u043d\u0435 \u043a\u0443\u0440\u044f\u0442. \u041a\u0432\u0430\u0440\u0442\u0438\u0440\u0430 \u0441\u0432\u0435\u0442\u043b\u0430\u044f \u0441 \u043f\u0430\u0440\u043a\u0435\u0442\u043e\u043c. \u041d\u0430\u0445\u043e\u0434\u0438\u0442\u0441\u044f \u043d\u0430 \u0432\u0435\u0440\u0445\u043d\u0435\u043c \u044d\u0442\u0430\u0436\u0435 \u0434\u043e\u043c\u0430 \u201e\u0421\u0446\u0435\u043d\u0430\u0440\u0438\u043e\u201c\u0438 \u0432\u043a\u043b\u044e\u0447\u0430\u0435\u0442 \u0432 \u0441\u0435\u0431\u044f \u0441\u043f\u0430\u043b\u044c\u043d\u044e \u0441 \u0434\u0432\u0443\u043c\u044f \u043e\u0442\u0434\u0435\u043b\u044c\u043d\u044b\u043c\u0438 \u0443\u0434\u043e\u0431\u043d\u044b\u043c\u0438 \u043a\u0440\u043e\u0432\u0430\u0442\u044f\u043c\u0438 \u0438 \u0433\u043e\u0441\u0442\u0438\u043d\u043d\u043e\u0439 \u0441 \u0434\u0438\u0432\u0430\u043d\u043e\u043c (\u0432 \u043a\u0432\u0430\u0440\u0442\u0438\u0440\u0443 \u043c\u043e\u0433\u0443\u0442 \u0431\u044b\u0442\u044c \u0432\u043a\u043b\u044e\u0447\u0435\u043d\u044b \u0435\u0449\u0451 \u0434\u0432\u0435 \u0441\u043f\u0430\u043b\u044c\u043d\u0438 \u0441 \u0434\u0432\u0443\u043c\u044f \u043a\u0440\u043e\u0432\u0430\u0442\u044f\u043c\u0438 \u0432 \u043a\u0430\u0436\u0434\u043e\u0439). \u041a\u043e\u043c\u043d\u0430\u0442\u044b \u0443\u044e\u0442\u043d\u044b \u0441 \u0434\u0435\u0440\u0435\u0432\u044f\u043d\u043d\u043e\u0439 \u043c\u0435\u0431\u0435\u043b\u044c\u044e. \u041a\u0440\u043e\u0432\u0430\u0442\u0438 \u0443\u0434\u043e\u0431\u043d\u044b. \u041a\u0443\u0445\u043e\u043d\u043d\u044b\u0435 \u043f\u0440\u0438\u043d\u0430\u0434\u043b\u0435\u0436\u043d\u043e\u0441\u0442\u0438 \u0432 \u043a\u043e\u043c\u043f\u043b\u0435\u043a\u0442\u0435 \u043a\u0430\u043a \u0438 \u0441\u043f\u0430\u043b\u044c\u043d\u044b\u0435 \u0438 \u0434\u0443\u0448\u0435\u0432\u044b\u0435. \u041a\u0443\u0445\u043d\u044f \u043d\u0435\u0431\u043e\u043b\u044c\u0448\u0430\u044f, \u043d\u043e \u0443\u0434\u043e\u0431\u043d\u0430\u044f \u0441\u043e \u0432\u0441\u0435\u043c\u0438 \u043f\u0440\u0438\u0431\u043e\u0440\u0430\u043c\u0438 (\u043c\u043e\u0439\u043a\u0430, \u043f\u043b\u0438\u0442\u0430, \u0445\u043e\u043b\u043e\u0434\u0438\u043b\u044c\u043d\u0438\u043a).\u0412\u0430\u043d\u043d\u0430\u044f \u043a\u043e\u043c\u043d\u0430\u0442\u0430 \u0441 \u0432\u0430\u043d\u043d\u043e\u0439. \u0412 \u0433\u043e\u0441\u0442\u0438\u043d\u043d\u043e\u0439 \u0441\u0442\u043e\u0438\u0442 \u0442\u0435\u043b\u0435\u0432\u0438\u0437\u043e\u0440 \u0441 \u043f\u043e\u0434\u043a\u043b\u044e\u0447\u0435\u043d\u0438\u0435\u043c \u043a \u0441\u0435\u0442\u0438 (YouTube etc.). WLAN \u0431\u0435c\u043f\u043b\u0430\u0442\u043d\u044b\u0439 \u0432\u043e \u0432\u0441\u0451\u043c \u0434\u043e\u043c\u0435. \u0412 \u0434\u043e\u043c\u0435 \u0443 \u043d\u0430\u0441 \u043d\u0435 \u043a\u0443\u0440\u044f\u0442. \u0414\u043e\u043c\u0430\u0448\u043d\u0438\u0435 \u0436\u0438\u0432\u043e\u0442\u043d\u044b\u0435 \u043d\u0435 \u0440\u0430\u0437\u0440\u0435\u0448\u0435\u043d\u044b.<\/p>\n","protected":false},"excerpt":{"rendered":"<p>Ferienwohnung 2(4) Zimmer, Kochnische, Bad, 50(78) m\u00b2, 2Km von Heidelberg entfehrnt. Die Nichtraucher-Wohnung ist hell und hat einen Parkettboden. Sie befindet sich im Obergeschoss des Hauses Szenario und besteht aus einem Schlafzimmer mit zwei Einzelbetten sowie einem ger\u00e4umigen Wohnzimmer mit einer Schlafcouch (erweiterbar durch 2 weitere Schlafzimmer mit jeweils 2 Schlafpl\u00e4tzen). Die Zimmer sind mit [&hellip;]<\/p>\n","protected":false},"author":1,"featured_media":0,"parent":0,"menu_order":4,"comment_status":"closed","ping_status":"closed","template":"","meta":[],"_links":{"self":[{"href":"http:\/\/www.ferienwohnung-heidelberg-leimen.de\/index.php?rest_route=\/wp\/v2\/pages\/151"}],"collection":[{"href":"http:\/\/www.ferienwohnung-heidelberg-leimen.de\/index.php?rest_route=\/wp\/v2\/pages"}],"about":[{"href":"http:\/\/www.ferienwohnung-heidelberg-leimen.de\/index.php?rest_route=\/wp\/v2\/types\/page"}],"author":[{"embeddable":true,"href":"http:\/\/www.ferienwohnung-heidelberg-leimen.de\/index.php?rest_route=\/wp\/v2\/users\/1"}],"replies":[{"embeddable":true,"href":"http:\/\/www.ferienwohnung-heidelberg-leimen.de\/index.php?rest_route=%2Fwp%2Fv2%2Fcomments&post=151"}],"version-history":[{"count":1,"href":"http:\/\/www.ferienwohnung-heidelberg-leimen.de\/index.php?rest_route=\/wp\/v2\/pages\/151\/revisions"}],"predecessor-version":[{"id":152,"href":"http:\/\/www.ferienwohnung-heidelberg-leimen.de\/index.php?rest_route=\/wp\/v2\/pages\/151\/revisions\/152"}],"wp:attachment":[{"href":"http:\/\/www.ferienwohnung-heidelberg-leimen.de\/index.php?rest_route=%2Fwp%2Fv2%2Fmedia&parent=151"}],"curies":[{"name":"wp","href":"https:\/\/api.w.org\/{rel}","templated":true}]}}