{"id":27,"date":"2014-07-14T22:22:31","date_gmt":"2014-07-14T20:22:31","guid":{"rendered":"http:\/\/www.ferienwohnung-heidelberg-leimen.de\/?page_id=27"},"modified":"2020-01-06T15:02:31","modified_gmt":"2020-01-06T13:02:31","slug":"kontakt","status":"publish","type":"page","link":"http:\/\/www.ferienwohnung-heidelberg-leimen.de\/?page_id=27","title":{"rendered":"Kontakt"},"content":{"rendered":"<div id=\"attachment_30\" style=\"width: 277px\" class=\"wp-caption alignnone\"><a href=\"http:\/\/www.ferienwohnung-heidelberg-leimen.de\/wp-content\/uploads\/facebook_kl.jpg\"><img aria-describedby=\"caption-attachment-30\" decoding=\"async\" loading=\"lazy\" class=\"size-full wp-image-30\" src=\"http:\/\/www.ferienwohnung-heidelberg-leimen.de\/wp-content\/uploads\/facebook_kl.jpg\" alt=\"Ellen Heese. Kontakt: +49(0)6224 702512\" width=\"267\" height=\"269\" srcset=\"http:\/\/www.ferienwohnung-heidelberg-leimen.de\/wp-content\/uploads\/facebook_kl.jpg 267w, http:\/\/www.ferienwohnung-heidelberg-leimen.de\/wp-content\/uploads\/facebook_kl-150x150.jpg 150w\" sizes=\"(max-width: 267px) 100vw, 267px\" \/><\/a><p id=\"caption-attachment-30\" class=\"wp-caption-text\">Ellen Heese<\/p><\/div>\n<p>Ansprechpartnerin: Ellen Heese<br \/>\nTel.: 06224-702 512<br \/>\nFax: 06224-702 915<br \/>\nSeminarhaus Szenario, Heese &amp; Joukov GbR<br \/>\nKaiserstr. 39<br \/>\n69181 Leimen<\/p>\n\n<div class=\"wpcf7 no-js\" id=\"wpcf7-f31-o1\" lang=\"de-DE\" dir=\"ltr\">\n<div class=\"screen-reader-response\"><p role=\"status\" aria-live=\"polite\" aria-atomic=\"true\"><\/p> <ul><\/ul><\/div>\n<form action=\"\/index.php?rest_route=%2Fwp%2Fv2%2Fpages%2F27#wpcf7-f31-o1\" method=\"post\" class=\"wpcf7-form init\" aria-label=\"Kontaktformular\" novalidate=\"novalidate\" data-status=\"init\">\n<div style=\"display: none;\">\n<input type=\"hidden\" name=\"_wpcf7\" value=\"31\" \/>\n<input type=\"hidden\" name=\"_wpcf7_version\" value=\"5.7.6\" \/>\n<input type=\"hidden\" name=\"_wpcf7_locale\" value=\"de_DE\" \/>\n<input type=\"hidden\" name=\"_wpcf7_unit_tag\" value=\"wpcf7-f31-o1\" \/>\n<input type=\"hidden\" name=\"_wpcf7_container_post\" value=\"0\" \/>\n<input type=\"hidden\" name=\"_wpcf7_posted_data_hash\" value=\"\" \/>\n<\/div>\n<p>Ihr Name (Pflichtfeld)\n<\/p>\n<p><span class=\"wpcf7-form-control-wrap\" data-name=\"your-name\"><input size=\"40\" class=\"wpcf7-form-control wpcf7-text wpcf7-validates-as-required\" aria-required=\"true\" aria-invalid=\"false\" value=\"\" type=\"text\" name=\"your-name\" \/><\/span>\n<\/p>\n<p>Ihre E-Mail-Adresse (Pflichtfeld)\n<\/p>\n<p><span class=\"wpcf7-form-control-wrap\" data-name=\"your-email\"><input size=\"40\" class=\"wpcf7-form-control wpcf7-text wpcf7-email wpcf7-validates-as-required wpcf7-validates-as-email\" aria-required=\"true\" aria-invalid=\"false\" value=\"\" type=\"email\" name=\"your-email\" \/><\/span>\n<\/p>\n<p>Betreff\n<\/p>\n<p><span class=\"wpcf7-form-control-wrap\" data-name=\"your-subject\"><input size=\"40\" class=\"wpcf7-form-control wpcf7-text\" aria-invalid=\"false\" value=\"\" type=\"text\" name=\"your-subject\" \/><\/span>\n<\/p>\n<p>Ihre Nachricht\n<\/p>\n<p><span class=\"wpcf7-form-control-wrap\" data-name=\"your-message\"><textarea cols=\"40\" rows=\"10\" class=\"wpcf7-form-control wpcf7-textarea\" aria-invalid=\"false\" name=\"your-message\"><\/textarea><\/span>\n<\/p>\n<p><input class=\"wpcf7-form-control has-spinner wpcf7-submit\" type=\"submit\" value=\"Senden\" \/>\n<\/p><p style=\"display: none !important;\"><label>&#916;<textarea name=\"_wpcf7_ak_hp_textarea\" cols=\"45\" rows=\"8\" maxlength=\"100\"><\/textarea><\/label><input type=\"hidden\" id=\"ak_js_1\" name=\"_wpcf7_ak_js\" value=\"215\"\/><script>document.getElementById( \"ak_js_1\" ).setAttribute( \"value\", ( new Date() ).getTime() );<\/script><\/p><div class=\"wpcf7-response-output\" aria-hidden=\"true\"><\/div>\n<\/form>\n<\/div>\n\n<p>Hier m\u00f6chten wir Sie auf unsere an die neue EU-Datenschutzgrundverordnung (DSGVO) entsprechend angepasste Datenschutzerkl\u00e4rung hinweisen, die Sie hier oder direkt&nbsp;<a href=\"..\/kontakt\/impressum\/\">HIER<\/a>&nbsp;auf unserer Website finden.&nbsp;In Zusammenhang mit dem Erhalt des Newsletters haben Sie uns in der Vergangenheit personenbezogene Daten zur Verf\u00fcgung gestellt und eingewilligt, dass wir sie zu diesem Zweck speichern und verarbeiten d\u00fcrfen.&nbsp;Diese Einwilligung k\u00f6nnen Sie nat\u00fcrlich \u2013 wie bisher auch \u2013 jederzeit ohne Angabe von Gr\u00fcnden z.B. per e-Mail widerrufen.<\/p>\n","protected":false},"excerpt":{"rendered":"<p>Ansprechpartnerin: Ellen Heese Tel.: 06224-702 512 Fax: 06224-702 915 Seminarhaus Szenario, Heese &amp; Joukov GbR Kaiserstr. 39 69181 Leimen Hier m\u00f6chten wir Sie auf unsere an die neue EU-Datenschutzgrundverordnung (DSGVO) entsprechend angepasste Datenschutzerkl\u00e4rung hinweisen, die Sie hier oder direkt&nbsp;HIER&nbsp;auf unserer Website finden.&nbsp;In Zusammenhang mit dem Erhalt des Newsletters haben Sie uns in der Vergangenheit personenbezogene [&hellip;]<\/p>\n","protected":false},"author":1,"featured_media":0,"parent":0,"menu_order":6,"comment_status":"closed","ping_status":"closed","template":"page-templates\/full-width.php","meta":[],"_links":{"self":[{"href":"http:\/\/www.ferienwohnung-heidelberg-leimen.de\/index.php?rest_route=\/wp\/v2\/pages\/27"}],"collection":[{"href":"http:\/\/www.ferienwohnung-heidelberg-leimen.de\/index.php?rest_route=\/wp\/v2\/pages"}],"about":[{"href":"http:\/\/www.ferienwohnung-heidelberg-leimen.de\/index.php?rest_route=\/wp\/v2\/types\/page"}],"author":[{"embeddable":true,"href":"http:\/\/www.ferienwohnung-heidelberg-leimen.de\/index.php?rest_route=\/wp\/v2\/users\/1"}],"replies":[{"embeddable":true,"href":"http:\/\/www.ferienwohnung-heidelberg-leimen.de\/index.php?rest_route=%2Fwp%2Fv2%2Fcomments&post=27"}],"version-history":[{"count":4,"href":"http:\/\/www.ferienwohnung-heidelberg-leimen.de\/index.php?rest_route=\/wp\/v2\/pages\/27\/revisions"}],"predecessor-version":[{"id":155,"href":"http:\/\/www.ferienwohnung-heidelberg-leimen.de\/index.php?rest_route=\/wp\/v2\/pages\/27\/revisions\/155"}],"wp:attachment":[{"href":"http:\/\/www.ferienwohnung-heidelberg-leimen.de\/index.php?rest_route=%2Fwp%2Fv2%2Fmedia&parent=27"}],"curies":[{"name":"wp","href":"https:\/\/api.w.org\/{rel}","templated":true}]}}